{"id":200734,"date":"2026-02-05T14:07:02","date_gmt":"2026-02-05T13:07:02","guid":{"rendered":"https:\/\/fitshaker.sk\/eshop\/?post_type=product&#038;p=200734"},"modified":"2026-04-28T11:25:13","modified_gmt":"2026-04-28T09:25:13","slug":"masazny-balicek","status":"publish","type":"product","link":"https:\/\/fitshaker.cz\/eshop\/produkt\/masazny-balicek","title":{"rendered":"Regenera\u010dn\u00ed bal\u00ed\u010dek"},"content":{"rendered":"<p><strong>Bal\u00ed\u010dek obsahuje:<\/strong><\/p>\n<ul>\n<li><strong>1x <a href=\"https:\/\/fitshaker.cz\/eshop\/produkt\/masazny-valec\">Mas\u00e1\u017en\u00ed valec 45 cm<\/a><\/strong><br \/>\n<strong><br \/>\n<\/strong><\/li>\n<li><strong>1x <a href=\"https:\/\/fitshaker.cz\/eshop\/produkt\/masazny-olej-na-svalovicu\">Mas\u00e1\u017en\u00ed olej na bolav\u00e9 svaly 50ml<\/a><\/strong><\/li>\n<\/ul>\n","protected":false},"excerpt":{"rendered":"<p>Dop\u0159ej t\u011blu zaslou\u017een\u00fd odpo\u010dinek \u2013 mas\u00e1\u017en\u00ed v\u00e1lec uvoln\u00ed svaly a mas\u00e1\u017en\u00ed olej pom\u016f\u017ee zm\u00edrnit bolest sval\u016f po v\u00fdkonu. \ud83d\udc95<\/p>\n","protected":false},"featured_media":200738,"comment_status":"open","ping_status":"closed","template":"","meta":{"_acf_changed":false},"product_cat":[251],"product_tag":[],"bundle_layout":"","bundled_by":[],"bundled_items":[],"acf":[],"_links":{"self":[{"href":"https:\/\/fitshaker.cz\/eshop\/wp-json\/wp\/v2\/product\/200734"}],"collection":[{"href":"https:\/\/fitshaker.cz\/eshop\/wp-json\/wp\/v2\/product"}],"about":[{"href":"https:\/\/fitshaker.cz\/eshop\/wp-json\/wp\/v2\/types\/product"}],"replies":[{"embeddable":true,"href":"https:\/\/fitshaker.cz\/eshop\/wp-json\/wp\/v2\/comments?post=200734"}],"wp:featuredmedia":[{"embeddable":true,"href":"https:\/\/fitshaker.cz\/eshop\/wp-json\/wp\/v2\/media\/200738"}],"wp:attachment":[{"href":"https:\/\/fitshaker.cz\/eshop\/wp-json\/wp\/v2\/media?parent=200734"}],"wp:term":[{"taxonomy":"product_cat","embeddable":true,"href":"https:\/\/fitshaker.cz\/eshop\/wp-json\/wp\/v2\/product_cat?post=200734"},{"taxonomy":"product_tag","embeddable":true,"href":"https:\/\/fitshaker.cz\/eshop\/wp-json\/wp\/v2\/product_tag?post=200734"}],"curies":[{"name":"wp","href":"https:\/\/api.w.org\/{rel}","templated":true}]}}