{"id":204159,"date":"2026-03-25T15:27:04","date_gmt":"2026-03-25T14:27:04","guid":{"rendered":"https:\/\/fitshaker.sk\/eshop\/?post_type=product&#038;p=204159"},"modified":"2026-05-11T07:46:38","modified_gmt":"2026-05-11T05:46:38","slug":"sietovane-vrecko-fitshaker","status":"publish","type":"product","link":"https:\/\/fitshaker.cz\/eshop\/produkt\/sietovane-vrecko-fitshaker","title":{"rendered":"S\u00ed\u0165ovan\u00e1 kapsa Fitshaker"},"content":{"rendered":"<p>Praktick\u00fd pomocn\u00edk, kter\u00fd udr\u017e\u00ed tvoje fitness vybaven\u00ed v\u017edy p\u011bkn\u011b pohromad\u011b.<br \/>\n<strong>S\u00ed\u0165ovan\u00fd s\u00e1\u010dek Fitshaker je ide\u00e1ln\u00ed na ulo\u017een\u00ed expand\u00e9r\u016f \u010di jin\u00fdch cvi\u010debn\u00edch pom\u016fcek \u2013 doma i na cest\u00e1ch.<\/strong><\/p>\n<ul>\n<li>S\u00e1\u010dek je vyroben z pevn\u00e9ho syntetick\u00e9ho materi\u00e1lu, kter\u00fd je odoln\u00fd a z\u00e1rove\u0148 lehk\u00fd.<\/li>\n<li>D\u00edky s\u00ed\u0165ovan\u00e9mu proveden\u00ed m\u00e1\u0161 v\u017edy p\u0159ehled o tom, co m\u00e1\u0161 uvnit\u0159.<\/li>\n<li><strong>S\u00e1\u010dek m\u00e1 p\u0159ibli\u017en\u00fd rozm\u011br 18 \u00d7 30 cm.<\/strong><\/li>\n<li><strong>Praktick\u00e9 uzav\u00edr\u00e1n\u00ed na \u0161\u0148\u016frku<\/strong> zajist\u00ed, \u017ee v\u0161e z\u016fstane na sv\u00e9m m\u00edst\u011b \u2013 a\u0165 u\u017e ho hod\u00ed\u0161 do ta\u0161ky, kufru nebo ho m\u00e1\u0161 jen tak doma p\u0159ipraven\u00fd na tr\u00e9nink.<\/li>\n<\/ul>\n<p>Jednoduch\u00e9, funk\u010dn\u00ed a v\u017edy p\u0159ipraven\u00e9 j\u00edt s tebou kamkoliv.<br \/>\nP\u0159idej si ho do ko\u0161\u00edku, ur\u010dit\u011b ho vyu\u017eije\u0161 :).<\/p>\n","protected":false},"excerpt":{"rendered":"<p>M\u011bj sv\u00e9 fitness pom\u016fcky v\u017edy po ruce. S\u00ed\u0165ovan\u00fd s\u00e1\u010dek Fitshaker je ide\u00e1ln\u00ed na ulo\u017een\u00ed expand\u00e9r\u016f i dal\u0161\u00edch drobnost\u00ed, kter\u00e9 chce\u0161 m\u00edt v\u017edy po ruce, doma i na cest\u00e1ch.<\/p>\n","protected":false},"featured_media":204155,"comment_status":"open","ping_status":"closed","template":"","meta":{"_acf_changed":false},"product_cat":[215],"product_tag":[],"bundle_layout":"","bundled_by":[],"bundled_items":[],"acf":[],"_links":{"self":[{"href":"https:\/\/fitshaker.cz\/eshop\/wp-json\/wp\/v2\/product\/204159"}],"collection":[{"href":"https:\/\/fitshaker.cz\/eshop\/wp-json\/wp\/v2\/product"}],"about":[{"href":"https:\/\/fitshaker.cz\/eshop\/wp-json\/wp\/v2\/types\/product"}],"replies":[{"embeddable":true,"href":"https:\/\/fitshaker.cz\/eshop\/wp-json\/wp\/v2\/comments?post=204159"}],"wp:featuredmedia":[{"embeddable":true,"href":"https:\/\/fitshaker.cz\/eshop\/wp-json\/wp\/v2\/media\/204155"}],"wp:attachment":[{"href":"https:\/\/fitshaker.cz\/eshop\/wp-json\/wp\/v2\/media?parent=204159"}],"wp:term":[{"taxonomy":"product_cat","embeddable":true,"href":"https:\/\/fitshaker.cz\/eshop\/wp-json\/wp\/v2\/product_cat?post=204159"},{"taxonomy":"product_tag","embeddable":true,"href":"https:\/\/fitshaker.cz\/eshop\/wp-json\/wp\/v2\/product_tag?post=204159"}],"curies":[{"name":"wp","href":"https:\/\/api.w.org\/{rel}","templated":true}]}}